{"id":9750,"date":"2022-03-30T21:05:30","date_gmt":"2022-03-30T19:05:30","guid":{"rendered":"https:\/\/printetikety.sk\/platba-doprava\/"},"modified":"2022-06-28T19:22:05","modified_gmt":"2022-06-28T17:22:05","slug":"platba-doprava","status":"publish","type":"page","link":"https:\/\/printetikety.sk\/hu\/platba-doprava\/","title":{"rendered":"Fizet\u00e9s \u00e9s sz\u00e1ll\u00edt\u00e1s"},"content":{"rendered":"\t\t<div data-elementor-type=\"wp-page\" data-elementor-id=\"9750\" class=\"elementor elementor-9750 elementor-8885\" data-elementor-post-type=\"page\">\n\t\t\t\t\t\t<section class=\"wd-negative-gap elementor-section elementor-top-section elementor-element elementor-element-4d40c2d elementor-section-boxed elementor-section-height-default elementor-section-height-default\" data-id=\"4d40c2d\" data-element_type=\"section\">\n\t\t\t\t\t\t<div class=\"elementor-container elementor-column-gap-default\">\n\t\t\t\t\t<div class=\"elementor-column elementor-col-100 elementor-top-column elementor-element elementor-element-508ecaef\" data-id=\"508ecaef\" data-element_type=\"column\">\n\t\t\t<div class=\"elementor-widget-wrap elementor-element-populated\">\n\t\t\t\t\t\t<div class=\"elementor-element elementor-element-1a6fdff1 color-scheme-inherit text-left elementor-widget elementor-widget-text-editor\" data-id=\"1a6fdff1\" data-element_type=\"widget\" data-widget_type=\"text-editor.default\">\n\t\t\t\t<div class=\"elementor-widget-container\">\n\t\t\t\t\t\t\t\t\t<h3><span style=\"text-decoration: underline;\">FIZET\u00c9S:<\/span><\/h3>\n<h4>Ut\u00e1nv\u00e9tel<\/h4>\n<p>A rendel\u00e9st <strong>k\u00e9szp\u00e9nzben<\/strong> fizetheti k\u00f6zvetlen\u00fcl a fut\u00e1rnak. Lehet\u0151s\u00e9g van <strong>bankk\u00e1rty\u00e1s<\/strong> fizet\u00e9sre is.<\/p>\n<h4>Banki \u00e1tutal\u00e1s<\/h4>\n<p>A fizet\u00e9s el\u0151re utal\u00e1ssal t\u00f6rt\u00e9nik sz\u00e1ml\u00e1nkra. A megrendel\u00e9s elk\u00fcld\u00e9s\u00e9t k\u00f6vet\u0151en megjelennek a p\u00e9nz\u00e1tutal\u00e1shoz sz\u00fcks\u00e9ges adatok &#8211; \u00f6sszeg, banksz\u00e1mlasz\u00e1munk. Ezt az inform\u00e1ci\u00f3t a megrendel\u00e9s visszaigazol\u00e1s\u00e1ban is elk\u00fcldj\u00fck az \u00d6n e-mailj\u00e9re. A befizet\u00e9st k\u00f6vet\u0151en \u00e1rut el\u0151k\u00e9sz\u00edtj\u00fck sz\u00e1ll\u00edt\u00e1sra\/\u00e1tv\u00e9telre.<\/p>\n<p>C\u00e9gn\u00e9v: <strong>B\u00f3na LABELS s.r.o.<\/strong><br \/>Bank: <strong>Slovensk\u00e1 sporite\u013e\u0148a a.s.<\/strong><br \/>SWIFT: <strong>GIBASKBX<\/strong><br \/>IBAN: <strong>SK71 0900 0000 0051 7007 9228<\/strong><br \/>Banksz\u00e1mlasz\u00e1m: <strong>517007<\/strong><br \/>K\u00f6zlem\u00e9ny: <strong>Megrendel\u00e9s azonos\u00edt\u00f3ja<\/strong><\/p>\n<h3>\u00a0<\/h3>\n<h3><span style=\"text-decoration: underline;\">SZ\u00c1LL\u00cdT\u00c1S:<\/span><\/h3>\n<h4><strong>H\u00e1zhoz sz\u00e1ll\u00edt\u00e1s fut\u00e1rral<\/strong><\/h4>\n<p>A\u00a0megrendelt csomagot fut\u00e1rszolg\u00e1lattal sz\u00e1ll\u00edtjuk \u00d6nnek. A c\u00edmk\u00e9ket a megrendel\u00e9skor megadott sz\u00e1ll\u00edt\u00e1si c\u00edmre k\u00e9zbes\u00edtj\u00fck. A sz\u00e1ll\u00edt\u00e1si id\u0151 4-6 munkanap. Ut\u00e1nv\u00e9t eset\u00e9n <strong>k\u00e9szp\u00e9nzzel <\/strong>\u00e9s <strong>bankk\u00e1rty\u00e1val<\/strong> is lehet fizetni.<\/p>\n<p>Az \u00e1ru megrendel\u00e9se ut\u00e1n visszaigazol\u00e1st k\u00fcld\u00fcnk a sz\u00e1ll\u00edt\u00e1si id\u0151 felt\u00fcntet\u00e9s\u00e9vel. Az\u00a0 leadott rendel\u00e9s\u00e9vel kapcsolatban tov\u00e1bbi inform\u00e1ci\u00f3kat is k\u00fcld\u00fcnk. Felh\u00edvjuk figyelm\u00e9t, hogy a megrendel\u00e9sek feldolgoz\u00e1si ideje nem tartalmazza a szombatokat, vas\u00e1rnapokat \u00e9s munkasz\u00fcneti napokat.<\/p>\n<p>H\u00e1zhozsz\u00e1ll\u00edt\u00e1s d\u00edja: <strong>1000 HUF + \u00c1FA<\/strong><\/p>\t\t\t\t\t\t\t\t<\/div>\n\t\t\t\t<\/div>\n\t\t\t\t\t<\/div>\n\t\t<\/div>\n\t\t\t\t\t<\/div>\n\t\t<\/section>\n\t\t\t\t<\/div>\n\t\t","protected":false},"excerpt":{"rendered":"<p>FIZET\u00c9S: Ut\u00e1nv\u00e9tel A rendel\u00e9st k\u00e9szp\u00e9nzben fizetheti k\u00f6zvetlen\u00fcl a fut\u00e1rnak. Lehet\u0151s\u00e9g van bankk\u00e1rty\u00e1s fizet\u00e9sre is. Banki \u00e1tutal\u00e1s A fizet\u00e9s el\u0151re utal\u00e1ssal<\/p>\n","protected":false},"author":1,"featured_media":0,"parent":0,"menu_order":0,"comment_status":"closed","ping_status":"closed","template":"elementor_header_footer","meta":{"footnotes":""},"class_list":["post-9750","page","type-page","status-publish","hentry"],"yoast_head":"<!-- This site is optimized with the Yoast SEO plugin v24.5 - https:\/\/yoast.com\/wordpress\/plugins\/seo\/ -->\n<title>Fizet\u00e9s \u00e9s sz\u00e1ll\u00edt\u00e1s - Print Etikety<\/title>\n<meta name=\"robots\" content=\"index, follow, max-snippet:-1, max-image-preview:large, max-video-preview:-1\" \/>\n<link rel=\"canonical\" href=\"https:\/\/printetikety.sk\/hu\/platba-doprava\/\" \/>\n<meta property=\"og:locale\" content=\"hu_HU\" \/>\n<meta property=\"og:type\" content=\"article\" \/>\n<meta property=\"og:title\" content=\"Fizet\u00e9s \u00e9s sz\u00e1ll\u00edt\u00e1s - Print Etikety\" \/>\n<meta property=\"og:description\" content=\"FIZET\u00c9S: Ut\u00e1nv\u00e9tel A rendel\u00e9st k\u00e9szp\u00e9nzben fizetheti k\u00f6zvetlen\u00fcl a fut\u00e1rnak. Lehet\u0151s\u00e9g van bankk\u00e1rty\u00e1s fizet\u00e9sre is. Banki \u00e1tutal\u00e1s A fizet\u00e9s el\u0151re utal\u00e1ssal\" \/>\n<meta property=\"og:url\" content=\"https:\/\/printetikety.sk\/hu\/platba-doprava\/\" \/>\n<meta property=\"og:site_name\" content=\"Print Etikety\" \/>\n<meta property=\"article:modified_time\" content=\"2022-06-28T17:22:05+00:00\" \/>\n<meta name=\"twitter:card\" content=\"summary_large_image\" \/>\n<meta name=\"twitter:label1\" content=\"Becs\u00fclt olvas\u00e1si id\u0151\" \/>\n\t<meta name=\"twitter:data1\" content=\"1 perc\" \/>\n<script type=\"application\/ld+json\" class=\"yoast-schema-graph\">{\"@context\":\"https:\/\/schema.org\",\"@graph\":[{\"@type\":\"WebPage\",\"@id\":\"https:\/\/printetikety.sk\/hu\/platba-doprava\/\",\"url\":\"https:\/\/printetikety.sk\/hu\/platba-doprava\/\",\"name\":\"Fizet\u00e9s \u00e9s sz\u00e1ll\u00edt\u00e1s - Print Etikety\",\"isPartOf\":{\"@id\":\"https:\/\/printetikety.sk\/hu\/#website\"},\"datePublished\":\"2022-03-30T19:05:30+00:00\",\"dateModified\":\"2022-06-28T17:22:05+00:00\",\"breadcrumb\":{\"@id\":\"https:\/\/printetikety.sk\/hu\/platba-doprava\/#breadcrumb\"},\"inLanguage\":\"hu\",\"potentialAction\":[{\"@type\":\"ReadAction\",\"target\":[\"https:\/\/printetikety.sk\/hu\/platba-doprava\/\"]}]},{\"@type\":\"BreadcrumbList\",\"@id\":\"https:\/\/printetikety.sk\/hu\/platba-doprava\/#breadcrumb\",\"itemListElement\":[{\"@type\":\"ListItem\",\"position\":1,\"name\":\"Domovsk\u00e1 str\u00e1nka\",\"item\":\"https:\/\/printetikety.sk\/hu\/\"},{\"@type\":\"ListItem\",\"position\":2,\"name\":\"Fizet\u00e9s \u00e9s sz\u00e1ll\u00edt\u00e1s\"}]},{\"@type\":\"WebSite\",\"@id\":\"https:\/\/printetikety.sk\/hu\/#website\",\"url\":\"https:\/\/printetikety.sk\/hu\/\",\"name\":\"Print Etikety\",\"description\":\"\u00d6ntapad\u00f3 c\u00edmk\u00e9k\",\"publisher\":{\"@id\":\"https:\/\/printetikety.sk\/hu\/#organization\"},\"potentialAction\":[{\"@type\":\"SearchAction\",\"target\":{\"@type\":\"EntryPoint\",\"urlTemplate\":\"https:\/\/printetikety.sk\/hu\/?s={search_term_string}\"},\"query-input\":{\"@type\":\"PropertyValueSpecification\",\"valueRequired\":true,\"valueName\":\"search_term_string\"}}],\"inLanguage\":\"hu\"},{\"@type\":\"Organization\",\"@id\":\"https:\/\/printetikety.sk\/hu\/#organization\",\"name\":\"Print Etikety\",\"url\":\"https:\/\/printetikety.sk\/hu\/\",\"logo\":{\"@type\":\"ImageObject\",\"inLanguage\":\"hu\",\"@id\":\"https:\/\/printetikety.sk\/hu\/#\/schema\/logo\/image\/\",\"url\":\"https:\/\/printetikety.sk\/wp-content\/uploads\/2022\/05\/Print-Etikety-logo-500px.png\",\"contentUrl\":\"https:\/\/printetikety.sk\/wp-content\/uploads\/2022\/05\/Print-Etikety-logo-500px.png\",\"width\":500,\"height\":109,\"caption\":\"Print Etikety\"},\"image\":{\"@id\":\"https:\/\/printetikety.sk\/hu\/#\/schema\/logo\/image\/\"}}]}<\/script>\n<!-- \/ Yoast SEO plugin. -->","yoast_head_json":{"title":"Fizet\u00e9s \u00e9s sz\u00e1ll\u00edt\u00e1s - Print Etikety","robots":{"index":"index","follow":"follow","max-snippet":"max-snippet:-1","max-image-preview":"max-image-preview:large","max-video-preview":"max-video-preview:-1"},"canonical":"https:\/\/printetikety.sk\/hu\/platba-doprava\/","og_locale":"hu_HU","og_type":"article","og_title":"Fizet\u00e9s \u00e9s sz\u00e1ll\u00edt\u00e1s - Print Etikety","og_description":"FIZET\u00c9S: Ut\u00e1nv\u00e9tel A rendel\u00e9st k\u00e9szp\u00e9nzben fizetheti k\u00f6zvetlen\u00fcl a fut\u00e1rnak. Lehet\u0151s\u00e9g van bankk\u00e1rty\u00e1s fizet\u00e9sre is. Banki \u00e1tutal\u00e1s A fizet\u00e9s el\u0151re utal\u00e1ssal","og_url":"https:\/\/printetikety.sk\/hu\/platba-doprava\/","og_site_name":"Print Etikety","article_modified_time":"2022-06-28T17:22:05+00:00","twitter_card":"summary_large_image","twitter_misc":{"Becs\u00fclt olvas\u00e1si id\u0151":"1 perc"},"schema":{"@context":"https:\/\/schema.org","@graph":[{"@type":"WebPage","@id":"https:\/\/printetikety.sk\/hu\/platba-doprava\/","url":"https:\/\/printetikety.sk\/hu\/platba-doprava\/","name":"Fizet\u00e9s \u00e9s sz\u00e1ll\u00edt\u00e1s - Print Etikety","isPartOf":{"@id":"https:\/\/printetikety.sk\/hu\/#website"},"datePublished":"2022-03-30T19:05:30+00:00","dateModified":"2022-06-28T17:22:05+00:00","breadcrumb":{"@id":"https:\/\/printetikety.sk\/hu\/platba-doprava\/#breadcrumb"},"inLanguage":"hu","potentialAction":[{"@type":"ReadAction","target":["https:\/\/printetikety.sk\/hu\/platba-doprava\/"]}]},{"@type":"BreadcrumbList","@id":"https:\/\/printetikety.sk\/hu\/platba-doprava\/#breadcrumb","itemListElement":[{"@type":"ListItem","position":1,"name":"Domovsk\u00e1 str\u00e1nka","item":"https:\/\/printetikety.sk\/hu\/"},{"@type":"ListItem","position":2,"name":"Fizet\u00e9s \u00e9s sz\u00e1ll\u00edt\u00e1s"}]},{"@type":"WebSite","@id":"https:\/\/printetikety.sk\/hu\/#website","url":"https:\/\/printetikety.sk\/hu\/","name":"Print Etikety","description":"\u00d6ntapad\u00f3 c\u00edmk\u00e9k","publisher":{"@id":"https:\/\/printetikety.sk\/hu\/#organization"},"potentialAction":[{"@type":"SearchAction","target":{"@type":"EntryPoint","urlTemplate":"https:\/\/printetikety.sk\/hu\/?s={search_term_string}"},"query-input":{"@type":"PropertyValueSpecification","valueRequired":true,"valueName":"search_term_string"}}],"inLanguage":"hu"},{"@type":"Organization","@id":"https:\/\/printetikety.sk\/hu\/#organization","name":"Print Etikety","url":"https:\/\/printetikety.sk\/hu\/","logo":{"@type":"ImageObject","inLanguage":"hu","@id":"https:\/\/printetikety.sk\/hu\/#\/schema\/logo\/image\/","url":"https:\/\/printetikety.sk\/wp-content\/uploads\/2022\/05\/Print-Etikety-logo-500px.png","contentUrl":"https:\/\/printetikety.sk\/wp-content\/uploads\/2022\/05\/Print-Etikety-logo-500px.png","width":500,"height":109,"caption":"Print Etikety"},"image":{"@id":"https:\/\/printetikety.sk\/hu\/#\/schema\/logo\/image\/"}}]}},"_links":{"self":[{"href":"https:\/\/printetikety.sk\/hu\/wp-json\/wp\/v2\/pages\/9750","targetHints":{"allow":["GET"]}}],"collection":[{"href":"https:\/\/printetikety.sk\/hu\/wp-json\/wp\/v2\/pages"}],"about":[{"href":"https:\/\/printetikety.sk\/hu\/wp-json\/wp\/v2\/types\/page"}],"author":[{"embeddable":true,"href":"https:\/\/printetikety.sk\/hu\/wp-json\/wp\/v2\/users\/1"}],"replies":[{"embeddable":true,"href":"https:\/\/printetikety.sk\/hu\/wp-json\/wp\/v2\/comments?post=9750"}],"version-history":[{"count":0,"href":"https:\/\/printetikety.sk\/hu\/wp-json\/wp\/v2\/pages\/9750\/revisions"}],"wp:attachment":[{"href":"https:\/\/printetikety.sk\/hu\/wp-json\/wp\/v2\/media?parent=9750"}],"curies":[{"name":"wp","href":"https:\/\/api.w.org\/{rel}","templated":true}]}}