{"id":9842,"date":"2022-04-13T18:21:46","date_gmt":"2022-04-13T16:21:46","guid":{"rendered":"https:\/\/printetikety.sk\/produkt\/ontapado-cimkek-525x212mm\/"},"modified":"2022-04-13T18:21:46","modified_gmt":"2022-04-13T16:21:46","slug":"ontapado-cimkek-525x212mm","status":"publish","type":"product","link":"https:\/\/printetikety.sk\/hu\/produkt\/ontapado-cimkek-525x212mm\/","title":{"rendered":"\u00d6ntapad\u00f3 c\u00edmk\u00e9k 52,5&#215;21,2mm"},"content":{"rendered":"<p>El\u0151re kiv\u00e1gott \u00f6ntapad\u00f3 matt c\u00edmk\u00e9k A4-es lapon. Haszn\u00e1lhat\u00f3k fekete-feh\u00e9r, sz\u00ednes, tintasugaras \u00e9s l\u00e9zernyomtat\u00f3kban \u00e9s f\u00e9nym\u00e1sol\u00f3kban. A dobozban <strong>100<\/strong> \u00edv tal\u00e1lhat\u00f3, tintasugaras \u00e9s l\u00e9zernyomtat\u00f3kba haszn\u00e1lhat\u00f3. A laponk\u00e9nti c\u00edmk\u00e9k sz\u00e1ma = a dobozonk\u00e9nti c\u00edmk\u00e9k sz\u00e1ma osztva a dobozonk\u00e9nti lapok sz\u00e1m\u00e1val.<\/p>\n","protected":false},"excerpt":{"rendered":"<p>El\u0151re kiv\u00e1gott \u00f6ntapad\u00f3 matt c\u00edmk\u00e9k A4-es lapon. Haszn\u00e1lhat\u00f3k fekete-feh\u00e9r, sz\u00ednes, tintasugaras \u00e9s l\u00e9zernyomtat\u00f3kban \u00e9s f\u00e9nym\u00e1sol\u00f3kban. A dobozban <strong>100<\/strong> \u00edv tal\u00e1lhat\u00f3, tintasugaras \u00e9s l\u00e9zernyomtat\u00f3kba haszn\u00e1lhat\u00f3. A laponk\u00e9nti c\u00edmk\u00e9k sz\u00e1ma = a dobozonk\u00e9nti c\u00edmk\u00e9k sz\u00e1ma osztva a dobozonk\u00e9nti lapok sz\u00e1m\u00e1val.<\/p>\n","protected":false},"featured_media":9655,"template":"","meta":[],"product_brand":[],"product_cat":[155],"product_tag":[],"class_list":{"0":"post-9842","1":"product","2":"type-product","3":"status-publish","4":"has-post-thumbnail","6":"product_cat-ives-cimke","8":"first","9":"instock","10":"taxable","11":"shipping-taxable","12":"purchasable","13":"product-type-simple"},"yoast_head":"<!-- This site is optimized with the Yoast SEO plugin v24.5 - https:\/\/yoast.com\/wordpress\/plugins\/seo\/ -->\n<title>\u00d6ntapad\u00f3 c\u00edmk\u00e9k 52,5x21,2mm - Print Etikety<\/title>\n<meta name=\"robots\" content=\"index, follow, max-snippet:-1, max-image-preview:large, max-video-preview:-1\" \/>\n<link rel=\"canonical\" href=\"https:\/\/printetikety.sk\/hu\/produkt\/ontapado-cimkek-525x212mm\/\" \/>\n<meta property=\"og:locale\" content=\"hu_HU\" \/>\n<meta property=\"og:type\" content=\"article\" \/>\n<meta property=\"og:title\" content=\"\u00d6ntapad\u00f3 c\u00edmk\u00e9k 52,5x21,2mm - Print Etikety\" \/>\n<meta property=\"og:description\" content=\"El\u0151re kiv\u00e1gott \u00f6ntapad\u00f3 matt c\u00edmk\u00e9k A4-es lapon. Haszn\u00e1lhat\u00f3k fekete-feh\u00e9r, sz\u00ednes, tintasugaras \u00e9s l\u00e9zernyomtat\u00f3kban \u00e9s f\u00e9nym\u00e1sol\u00f3kban. A dobozban 100 \u00edv tal\u00e1lhat\u00f3, tintasugaras \u00e9s l\u00e9zernyomtat\u00f3kba haszn\u00e1lhat\u00f3. A laponk\u00e9nti c\u00edmk\u00e9k sz\u00e1ma = a dobozonk\u00e9nti c\u00edmk\u00e9k sz\u00e1ma osztva a dobozonk\u00e9nti lapok sz\u00e1m\u00e1val.\" \/>\n<meta property=\"og:url\" content=\"https:\/\/printetikety.sk\/hu\/produkt\/ontapado-cimkek-525x212mm\/\" \/>\n<meta property=\"og:site_name\" content=\"Print Etikety\" \/>\n<meta property=\"og:image\" content=\"https:\/\/printetikety.sk\/wp-content\/uploads\/2022\/04\/H_0004.jpg\" \/>\n\t<meta property=\"og:image:width\" content=\"1654\" \/>\n\t<meta property=\"og:image:height\" content=\"2339\" \/>\n\t<meta property=\"og:image:type\" content=\"image\/jpeg\" \/>\n<meta name=\"twitter:card\" content=\"summary_large_image\" \/>\n<script type=\"application\/ld+json\" class=\"yoast-schema-graph\">{\"@context\":\"https:\/\/schema.org\",\"@graph\":[{\"@type\":\"WebPage\",\"@id\":\"https:\/\/printetikety.sk\/hu\/produkt\/ontapado-cimkek-525x212mm\/\",\"url\":\"https:\/\/printetikety.sk\/hu\/produkt\/ontapado-cimkek-525x212mm\/\",\"name\":\"\u00d6ntapad\u00f3 c\u00edmk\u00e9k 52,5x21,2mm - Print Etikety\",\"isPartOf\":{\"@id\":\"https:\/\/printetikety.sk\/hu\/#website\"},\"primaryImageOfPage\":{\"@id\":\"https:\/\/printetikety.sk\/hu\/produkt\/ontapado-cimkek-525x212mm\/#primaryimage\"},\"image\":{\"@id\":\"https:\/\/printetikety.sk\/hu\/produkt\/ontapado-cimkek-525x212mm\/#primaryimage\"},\"thumbnailUrl\":\"https:\/\/printetikety.sk\/wp-content\/uploads\/2022\/04\/H_0004.jpg\",\"datePublished\":\"2022-04-13T16:21:46+00:00\",\"breadcrumb\":{\"@id\":\"https:\/\/printetikety.sk\/hu\/produkt\/ontapado-cimkek-525x212mm\/#breadcrumb\"},\"inLanguage\":\"hu\",\"potentialAction\":[{\"@type\":\"ReadAction\",\"target\":[\"https:\/\/printetikety.sk\/hu\/produkt\/ontapado-cimkek-525x212mm\/\"]}]},{\"@type\":\"ImageObject\",\"inLanguage\":\"hu\",\"@id\":\"https:\/\/printetikety.sk\/hu\/produkt\/ontapado-cimkek-525x212mm\/#primaryimage\",\"url\":\"https:\/\/printetikety.sk\/wp-content\/uploads\/2022\/04\/H_0004.jpg\",\"contentUrl\":\"https:\/\/printetikety.sk\/wp-content\/uploads\/2022\/04\/H_0004.jpg\",\"width\":1654,\"height\":2339,\"caption\":\"H_0004\"},{\"@type\":\"BreadcrumbList\",\"@id\":\"https:\/\/printetikety.sk\/hu\/produkt\/ontapado-cimkek-525x212mm\/#breadcrumb\",\"itemListElement\":[{\"@type\":\"ListItem\",\"position\":1,\"name\":\"Domovsk\u00e1 str\u00e1nka\",\"item\":\"https:\/\/printetikety.sk\/hu\/\"},{\"@type\":\"ListItem\",\"position\":2,\"name\":\"Term\u00e9kek\",\"item\":\"https:\/\/printetikety.sk\/hu\/shop\/\"},{\"@type\":\"ListItem\",\"position\":3,\"name\":\"\u00d6ntapad\u00f3 c\u00edmk\u00e9k 52,5&#215;21,2mm\"}]},{\"@type\":\"WebSite\",\"@id\":\"https:\/\/printetikety.sk\/hu\/#website\",\"url\":\"https:\/\/printetikety.sk\/hu\/\",\"name\":\"Print Etikety\",\"description\":\"\u00d6ntapad\u00f3 c\u00edmk\u00e9k\",\"publisher\":{\"@id\":\"https:\/\/printetikety.sk\/hu\/#organization\"},\"potentialAction\":[{\"@type\":\"SearchAction\",\"target\":{\"@type\":\"EntryPoint\",\"urlTemplate\":\"https:\/\/printetikety.sk\/hu\/?s={search_term_string}\"},\"query-input\":{\"@type\":\"PropertyValueSpecification\",\"valueRequired\":true,\"valueName\":\"search_term_string\"}}],\"inLanguage\":\"hu\"},{\"@type\":\"Organization\",\"@id\":\"https:\/\/printetikety.sk\/hu\/#organization\",\"name\":\"Print Etikety\",\"url\":\"https:\/\/printetikety.sk\/hu\/\",\"logo\":{\"@type\":\"ImageObject\",\"inLanguage\":\"hu\",\"@id\":\"https:\/\/printetikety.sk\/hu\/#\/schema\/logo\/image\/\",\"url\":\"https:\/\/printetikety.sk\/wp-content\/uploads\/2022\/05\/Print-Etikety-logo-500px.png\",\"contentUrl\":\"https:\/\/printetikety.sk\/wp-content\/uploads\/2022\/05\/Print-Etikety-logo-500px.png\",\"width\":500,\"height\":109,\"caption\":\"Print Etikety\"},\"image\":{\"@id\":\"https:\/\/printetikety.sk\/hu\/#\/schema\/logo\/image\/\"}}]}<\/script>\n<!-- \/ Yoast SEO plugin. -->","yoast_head_json":{"title":"\u00d6ntapad\u00f3 c\u00edmk\u00e9k 52,5x21,2mm - Print Etikety","robots":{"index":"index","follow":"follow","max-snippet":"max-snippet:-1","max-image-preview":"max-image-preview:large","max-video-preview":"max-video-preview:-1"},"canonical":"https:\/\/printetikety.sk\/hu\/produkt\/ontapado-cimkek-525x212mm\/","og_locale":"hu_HU","og_type":"article","og_title":"\u00d6ntapad\u00f3 c\u00edmk\u00e9k 52,5x21,2mm - Print Etikety","og_description":"El\u0151re kiv\u00e1gott \u00f6ntapad\u00f3 matt c\u00edmk\u00e9k A4-es lapon. Haszn\u00e1lhat\u00f3k fekete-feh\u00e9r, sz\u00ednes, tintasugaras \u00e9s l\u00e9zernyomtat\u00f3kban \u00e9s f\u00e9nym\u00e1sol\u00f3kban. A dobozban 100 \u00edv tal\u00e1lhat\u00f3, tintasugaras \u00e9s l\u00e9zernyomtat\u00f3kba haszn\u00e1lhat\u00f3. A laponk\u00e9nti c\u00edmk\u00e9k sz\u00e1ma = a dobozonk\u00e9nti c\u00edmk\u00e9k sz\u00e1ma osztva a dobozonk\u00e9nti lapok sz\u00e1m\u00e1val.","og_url":"https:\/\/printetikety.sk\/hu\/produkt\/ontapado-cimkek-525x212mm\/","og_site_name":"Print Etikety","og_image":[{"width":1654,"height":2339,"url":"https:\/\/printetikety.sk\/wp-content\/uploads\/2022\/04\/H_0004.jpg","type":"image\/jpeg"}],"twitter_card":"summary_large_image","schema":{"@context":"https:\/\/schema.org","@graph":[{"@type":"WebPage","@id":"https:\/\/printetikety.sk\/hu\/produkt\/ontapado-cimkek-525x212mm\/","url":"https:\/\/printetikety.sk\/hu\/produkt\/ontapado-cimkek-525x212mm\/","name":"\u00d6ntapad\u00f3 c\u00edmk\u00e9k 52,5x21,2mm - Print Etikety","isPartOf":{"@id":"https:\/\/printetikety.sk\/hu\/#website"},"primaryImageOfPage":{"@id":"https:\/\/printetikety.sk\/hu\/produkt\/ontapado-cimkek-525x212mm\/#primaryimage"},"image":{"@id":"https:\/\/printetikety.sk\/hu\/produkt\/ontapado-cimkek-525x212mm\/#primaryimage"},"thumbnailUrl":"https:\/\/printetikety.sk\/wp-content\/uploads\/2022\/04\/H_0004.jpg","datePublished":"2022-04-13T16:21:46+00:00","breadcrumb":{"@id":"https:\/\/printetikety.sk\/hu\/produkt\/ontapado-cimkek-525x212mm\/#breadcrumb"},"inLanguage":"hu","potentialAction":[{"@type":"ReadAction","target":["https:\/\/printetikety.sk\/hu\/produkt\/ontapado-cimkek-525x212mm\/"]}]},{"@type":"ImageObject","inLanguage":"hu","@id":"https:\/\/printetikety.sk\/hu\/produkt\/ontapado-cimkek-525x212mm\/#primaryimage","url":"https:\/\/printetikety.sk\/wp-content\/uploads\/2022\/04\/H_0004.jpg","contentUrl":"https:\/\/printetikety.sk\/wp-content\/uploads\/2022\/04\/H_0004.jpg","width":1654,"height":2339,"caption":"H_0004"},{"@type":"BreadcrumbList","@id":"https:\/\/printetikety.sk\/hu\/produkt\/ontapado-cimkek-525x212mm\/#breadcrumb","itemListElement":[{"@type":"ListItem","position":1,"name":"Domovsk\u00e1 str\u00e1nka","item":"https:\/\/printetikety.sk\/hu\/"},{"@type":"ListItem","position":2,"name":"Term\u00e9kek","item":"https:\/\/printetikety.sk\/hu\/shop\/"},{"@type":"ListItem","position":3,"name":"\u00d6ntapad\u00f3 c\u00edmk\u00e9k 52,5&#215;21,2mm"}]},{"@type":"WebSite","@id":"https:\/\/printetikety.sk\/hu\/#website","url":"https:\/\/printetikety.sk\/hu\/","name":"Print Etikety","description":"\u00d6ntapad\u00f3 c\u00edmk\u00e9k","publisher":{"@id":"https:\/\/printetikety.sk\/hu\/#organization"},"potentialAction":[{"@type":"SearchAction","target":{"@type":"EntryPoint","urlTemplate":"https:\/\/printetikety.sk\/hu\/?s={search_term_string}"},"query-input":{"@type":"PropertyValueSpecification","valueRequired":true,"valueName":"search_term_string"}}],"inLanguage":"hu"},{"@type":"Organization","@id":"https:\/\/printetikety.sk\/hu\/#organization","name":"Print Etikety","url":"https:\/\/printetikety.sk\/hu\/","logo":{"@type":"ImageObject","inLanguage":"hu","@id":"https:\/\/printetikety.sk\/hu\/#\/schema\/logo\/image\/","url":"https:\/\/printetikety.sk\/wp-content\/uploads\/2022\/05\/Print-Etikety-logo-500px.png","contentUrl":"https:\/\/printetikety.sk\/wp-content\/uploads\/2022\/05\/Print-Etikety-logo-500px.png","width":500,"height":109,"caption":"Print Etikety"},"image":{"@id":"https:\/\/printetikety.sk\/hu\/#\/schema\/logo\/image\/"}}]}},"_links":{"self":[{"href":"https:\/\/printetikety.sk\/hu\/wp-json\/wp\/v2\/product\/9842","targetHints":{"allow":["GET"]}}],"collection":[{"href":"https:\/\/printetikety.sk\/hu\/wp-json\/wp\/v2\/product"}],"about":[{"href":"https:\/\/printetikety.sk\/hu\/wp-json\/wp\/v2\/types\/product"}],"version-history":[{"count":0,"href":"https:\/\/printetikety.sk\/hu\/wp-json\/wp\/v2\/product\/9842\/revisions"}],"wp:featuredmedia":[{"embeddable":true,"href":"https:\/\/printetikety.sk\/hu\/wp-json\/wp\/v2\/media\/9655"}],"wp:attachment":[{"href":"https:\/\/printetikety.sk\/hu\/wp-json\/wp\/v2\/media?parent=9842"}],"wp:term":[{"taxonomy":"product_brand","embeddable":true,"href":"https:\/\/printetikety.sk\/hu\/wp-json\/wp\/v2\/product_brand?post=9842"},{"taxonomy":"product_cat","embeddable":true,"href":"https:\/\/printetikety.sk\/hu\/wp-json\/wp\/v2\/product_cat?post=9842"},{"taxonomy":"product_tag","embeddable":true,"href":"https:\/\/printetikety.sk\/hu\/wp-json\/wp\/v2\/product_tag?post=9842"}],"curies":[{"name":"wp","href":"https:\/\/api.w.org\/{rel}","templated":true}]}}